{"id":50,"date":"2023-08-06T12:53:30","date_gmt":"2023-08-06T10:53:30","guid":{"rendered":"https:\/\/destempspoursoi.com\/?page_id=50"},"modified":"2023-12-11T18:07:14","modified_gmt":"2023-12-11T17:07:14","slug":"services","status":"publish","type":"page","link":"https:\/\/destempspoursoi.com\/index.php\/services\/","title":{"rendered":"Services"},"content":{"rendered":"\n<div class=\"wp-block-media-text alignwide is-stacked-on-mobile is-image-fill\" style=\"grid-template-columns:26% auto\"><figure class=\"wp-block-media-text__media\" style=\"background-image:url(https:\/\/destempspoursoi.com\/wp-content\/uploads\/2023\/08\/288493012_143839244900846_3598318601970250328_n-1024x1024.jpg);background-position:50% 50%\"><img decoding=\"async\" loading=\"lazy\" width=\"1024\" height=\"1024\" src=\"https:\/\/destempspoursoi.com\/wp-content\/uploads\/2023\/08\/288493012_143839244900846_3598318601970250328_n-1024x1024.jpg\" alt=\"\" class=\"wp-image-82 size-full\" srcset=\"https:\/\/destempspoursoi.com\/wp-content\/uploads\/2023\/08\/288493012_143839244900846_3598318601970250328_n-1024x1024.jpg 1024w, https:\/\/destempspoursoi.com\/wp-content\/uploads\/2023\/08\/288493012_143839244900846_3598318601970250328_n-300x300.jpg 300w, https:\/\/destempspoursoi.com\/wp-content\/uploads\/2023\/08\/288493012_143839244900846_3598318601970250328_n-150x150.jpg 150w, https:\/\/destempspoursoi.com\/wp-content\/uploads\/2023\/08\/288493012_143839244900846_3598318601970250328_n-768x768.jpg 768w, https:\/\/destempspoursoi.com\/wp-content\/uploads\/2023\/08\/288493012_143839244900846_3598318601970250328_n.jpg 1440w\" sizes=\"(max-width: 1024px) 100vw, 1024px\" \/><\/figure><div class=\"wp-block-media-text__content\">\n<p class=\"has-text-align-center has-pale-pink-color has-text-color\"><strong>HYPNOSE THERAPEUTIQUE<\/strong><\/p>\n\n\n\n<p>Th\u00e9rapie br\u00e8ve<\/p>\n\n\n\n<p class=\"has-small-font-size\">&nbsp;L\u2019hypnose d\u00e9signe \u00e0 la fois une technique th\u00e9rapeutique et un \u00e9tat modifi\u00e9 de conscience.&nbsp;Le terme \u00ab hypnose \u00bb vient du mot grec \u00ab hupnoein \u00bb qui signifie endormir. L\u2019hypnose fait r\u00e9f\u00e9rence \u00e0 un \u00e9tat modifi\u00e9 de conscience \u00e9galement appel\u00e9 \u00ab transe \u00bb, au cours duquel l\u2019individu est entre l\u2019\u00e9tat de veille et de sommeil. Cet \u00e9tat est naturel et exp\u00e9riment\u00e9 chaque jour : lorsqu\u2019on lit un bon livre, qu&rsquo;on regarde un film qui nous transporte, qu\u2019on regarde un feu attentivement, qu\u2019on perd temporairement la notion du temps au volant d\u2019une voiture ou, tout simplement, lorsqu\u2019on est \u201cdans la lune \u00bb. La th\u00e9rapie par l\u2019hypnose vise \u00e0 rendre accessibles au sujet des ressources peu exploit\u00e9es de son cerveau et \u00e0 activer ses pouvoirs d\u2019auto gu\u00e9rison \u00e0 l\u2019aide de suggestions r\u00e9alis\u00e9es durant cet \u00e9tat modifi\u00e9 de conscience.  <\/p>\n\n\n\n<p class=\"has-small-font-size\">L&rsquo;hypnose est un outil th\u00e9rapeutique utilis\u00e9 pour les addictions, la douleur, l&rsquo;anxi\u00e9t\u00e9\/angoisses, le stress, les phobies, travail sur le deuil, etc. <\/p>\n<\/div><\/div>\n\n\n\n<hr class=\"wp-block-separator has-alpha-channel-opacity\"\/>\n\n\n\n<div class=\"wp-block-media-text alignwide has-media-on-the-right is-stacked-on-mobile is-image-fill\" style=\"grid-template-columns:auto 31%\"><div class=\"wp-block-media-text__content\">\n<p class=\"has-text-align-center has-pale-pink-color has-text-color\"><strong>REIKI USUI<\/strong><\/p>\n\n\n\n<p class=\"has-text-align-left has-small-font-size\">Les Bienfaits du Reiki sont :&nbsp;<br>* Relaxation profonde du corps et de l&rsquo;esprit<br>* Renforcement des aptitudes et de l&rsquo;estime de soi<br>* Am\u00e9lioration de la qualit\u00e9 du sommeil<br>* Elimination des tensions et des anxi\u00e9t\u00e9s<br>* Stimulation des m\u00e9canismes naturels d&rsquo;auto-gu\u00e9rison<\/p>\n\n\n\n<p class=\"has-small-font-size\">Le&nbsp;Reiki&nbsp;est un art \u00e9nerg\u00e9tique d&rsquo;origine japonaise d\u00e9velopp\u00e9 par Mikao Usui \u00e0 la fin du 19e si\u00e8cle. \u00ab\u00a0Rei\u00a0\u00bb signifie \u00ab\u00a0l&rsquo;universel\u00a0\u00bb, le \u00ab\u00a0tout\u00a0\u00bb : la mati\u00e8re, l&rsquo;\u00e2me et l&rsquo;esprit. &nbsp;Le&nbsp;reiki&nbsp;est la m\u00e9thode de mise ou remise en contact de l&rsquo;\u00e9nergie universelle avec la force vitale propre \u00e0 chacun de nous. <\/p>\n\n\n\n<p class=\"has-small-font-size\">Le soin dure entre 45 minutes et une heure.  <\/p>\n<\/div><figure class=\"wp-block-media-text__media\" style=\"background-image:url(https:\/\/destempspoursoi.com\/wp-content\/uploads\/2023\/08\/riutel-rebozo-4-1-1024x1024.jpg);background-position:50% 50%\"><img decoding=\"async\" loading=\"lazy\" width=\"1024\" height=\"1024\" src=\"https:\/\/destempspoursoi.com\/wp-content\/uploads\/2023\/08\/riutel-rebozo-4-1-1024x1024.jpg\" alt=\"\" class=\"wp-image-73 size-full\" srcset=\"https:\/\/destempspoursoi.com\/wp-content\/uploads\/2023\/08\/riutel-rebozo-4-1-1024x1024.jpg 1024w, https:\/\/destempspoursoi.com\/wp-content\/uploads\/2023\/08\/riutel-rebozo-4-1-300x300.jpg 300w, https:\/\/destempspoursoi.com\/wp-content\/uploads\/2023\/08\/riutel-rebozo-4-1-150x150.jpg 150w, https:\/\/destempspoursoi.com\/wp-content\/uploads\/2023\/08\/riutel-rebozo-4-1-768x768.jpg 768w, https:\/\/destempspoursoi.com\/wp-content\/uploads\/2023\/08\/riutel-rebozo-4-1.jpg 1440w\" sizes=\"(max-width: 1024px) 100vw, 1024px\" \/><\/figure><\/div>\n\n\n\n<hr class=\"wp-block-separator has-alpha-channel-opacity is-style-default\"\/>\n\n\n\n<div class=\"wp-block-media-text alignwide is-stacked-on-mobile is-image-fill has-medium-font-size\" style=\"grid-template-columns:28% auto\"><figure class=\"wp-block-media-text__media\" style=\"background-image:url(https:\/\/destempspoursoi.com\/wp-content\/uploads\/2023\/08\/187bcf_63d662cc95fa42199161246fdc237758mv2.webp);background-position:50% 50%\"><img decoding=\"async\" loading=\"lazy\" width=\"625\" height=\"620\" src=\"https:\/\/destempspoursoi.com\/wp-content\/uploads\/2023\/08\/187bcf_63d662cc95fa42199161246fdc237758mv2.webp\" alt=\"\" class=\"wp-image-196 size-full\" srcset=\"https:\/\/destempspoursoi.com\/wp-content\/uploads\/2023\/08\/187bcf_63d662cc95fa42199161246fdc237758mv2.webp 625w, https:\/\/destempspoursoi.com\/wp-content\/uploads\/2023\/08\/187bcf_63d662cc95fa42199161246fdc237758mv2-300x298.webp 300w, https:\/\/destempspoursoi.com\/wp-content\/uploads\/2023\/08\/187bcf_63d662cc95fa42199161246fdc237758mv2-150x150.webp 150w, https:\/\/destempspoursoi.com\/wp-content\/uploads\/2023\/08\/187bcf_63d662cc95fa42199161246fdc237758mv2-60x60.webp 60w\" sizes=\"(max-width: 625px) 100vw, 625px\" \/><\/figure><div class=\"wp-block-media-text__content\">\n<p class=\"has-text-align-center has-pale-pink-color has-text-color\"><strong>RITUEL REBOZO<\/strong><\/p>\n\n\n\n<p>Rituel ancestral Mexicain<\/p>\n\n\n\n<p class=\"has-small-font-size\">Le &nbsp;rituel \u201cRebozo\u201d est un rituel physique, \u00e9motionnel et psychique qui permet \u00e0 celle qui le re\u00e7oit de se r\u00e9aligner, de se r\u00e9approprier son corps de femme et de retrouver sa vitalit\u00e9.<\/p>\n\n\n\n<p class=\"has-small-font-size\">Il est dispens\u00e9 par 2 femmes pour une autre femme, avec bienveillance, chaleur, respect et douceur. Et ce durant  +\/- 3 heures.<\/p>\n\n\n\n<p class=\"has-small-font-size\">Ce soin rituel s\u2019adresse \u00e0 toute femme qui traverse une \u00e9tape de vie mais \u00e9galement \u00e0 celle qui souhaite faire une pause, prendre du temps avec elle-m\u00eame, se faire plaisir, se ressourcer.<\/p>\n<\/div><\/div>\n\n\n\n<hr class=\"wp-block-separator has-alpha-channel-opacity\"\/>\n\n\n\n<div class=\"wp-block-media-text alignwide has-media-on-the-right is-stacked-on-mobile is-image-fill\" style=\"grid-template-columns:auto 30%\"><div class=\"wp-block-media-text__content\">\n<p class=\"has-pale-pink-color has-text-color\"><strong>AROMATHERAPIE<\/strong><\/p>\n\n\n\n<p>Le pouvoir des plantes<\/p>\n\n\n\n<p class=\"has-text-align-left has-small-font-size\">Il existe aujourd\u2019hui entre 200 \u00e0 300 huiles essentielles, utilis\u00e9es dans le monde entier. La forte industrialisation initi\u00e9e au XIXe si\u00e8cle, et poursuivie au XXe si\u00e8cle, a permis \u00e0 l\u2019Homme de faire de grandes d\u00e9couvertes, dans de nombreux domaines, et notamment d\u2019am\u00e9liorer sa mani\u00e8re de vivre et de travailler. Cependant, tous ces progr\u00e8s l\u2019ont aussi peu \u00e0 peu \u00e9loign\u00e9 de son rapport quotidien \u00e0 la nature. L\u2019enthousiasme actuel grandissant pour les huiles essentielles s\u2019explique par ce besoin, presque primaire, de se reconnecter avec l\u2019environnement, et de red\u00e9couvrir les vertus \u00e9tonnantes des rem\u00e8des naturels. Cet attrait ravive aussi le lien qui nous relie au v\u00e9g\u00e9tal et au min\u00e9ral. <\/p>\n\n\n\n<p class=\"has-small-font-size\"><\/p>\n\n\n\n<p class=\"has-small-font-size\"><\/p>\n<\/div><figure class=\"wp-block-media-text__media\" style=\"background-image:url(https:\/\/destempspoursoi.com\/wp-content\/uploads\/2023\/08\/nsplsh_1737ce9f32a548909c5c1c135654855amv2-1.webp);background-position:50% 50%\"><img decoding=\"async\" loading=\"lazy\" width=\"908\" height=\"900\" src=\"https:\/\/destempspoursoi.com\/wp-content\/uploads\/2023\/08\/nsplsh_1737ce9f32a548909c5c1c135654855amv2-1.webp\" alt=\"\" class=\"wp-image-198 size-full\" srcset=\"https:\/\/destempspoursoi.com\/wp-content\/uploads\/2023\/08\/nsplsh_1737ce9f32a548909c5c1c135654855amv2-1.webp 908w, https:\/\/destempspoursoi.com\/wp-content\/uploads\/2023\/08\/nsplsh_1737ce9f32a548909c5c1c135654855amv2-1-300x297.webp 300w, https:\/\/destempspoursoi.com\/wp-content\/uploads\/2023\/08\/nsplsh_1737ce9f32a548909c5c1c135654855amv2-1-150x150.webp 150w, https:\/\/destempspoursoi.com\/wp-content\/uploads\/2023\/08\/nsplsh_1737ce9f32a548909c5c1c135654855amv2-1-768x761.webp 768w, https:\/\/destempspoursoi.com\/wp-content\/uploads\/2023\/08\/nsplsh_1737ce9f32a548909c5c1c135654855amv2-1-61x60.webp 61w\" sizes=\"(max-width: 908px) 100vw, 908px\" \/><\/figure><\/div>\n\n\n\n<hr class=\"wp-block-separator has-alpha-channel-opacity\"\/>\n\n\n\n<div class=\"wp-block-media-text alignwide is-stacked-on-mobile\" style=\"grid-template-columns:23% auto\"><figure class=\"wp-block-media-text__media\"><img decoding=\"async\" loading=\"lazy\" width=\"768\" height=\"1024\" src=\"https:\/\/destempspoursoi.com\/wp-content\/uploads\/2023\/08\/bebe-1-768x1024.jpg\" alt=\"\" class=\"wp-image-158 size-full\" srcset=\"https:\/\/destempspoursoi.com\/wp-content\/uploads\/2023\/08\/bebe-1-768x1024.jpg 768w, https:\/\/destempspoursoi.com\/wp-content\/uploads\/2023\/08\/bebe-1-225x300.jpg 225w, https:\/\/destempspoursoi.com\/wp-content\/uploads\/2023\/08\/bebe-1-1152x1536.jpg 1152w, https:\/\/destempspoursoi.com\/wp-content\/uploads\/2023\/08\/bebe-1-45x60.jpg 45w, https:\/\/destempspoursoi.com\/wp-content\/uploads\/2023\/08\/bebe-1.jpg 1536w\" sizes=\"(max-width: 768px) 100vw, 768px\" \/><\/figure><div class=\"wp-block-media-text__content\">\n<p class=\"has-pale-pink-color has-text-color\"><strong>MASSAGE METAMORPHIQUE<\/strong><\/p>\n\n\n\n<p class=\"has-small-font-size\">Le massage m\u00e9tamorphique est un soin qui consiste \u00e0 travailler sur la m\u00e9moire cellulaire.  Il permet de lib\u00e9rer les blocages psycho-\u00e9nerg\u00e9tiques inscrits dans celle-ci, ce qui nous emp\u00eache de bouger, d&rsquo;agir et d&rsquo;avancer. Il apporte une profonde relaxation et est capable de soulager les sch\u00e9mas d&rsquo;inconfort tels que des peurs, des angoisses et du stress face \u00e0 des situations r\u00e9currentes de la vie.  C&rsquo;est un massage tr\u00e8s doux, qui se fait par des mouvements lents ( effleurements et points d&rsquo;acupression) sur les zones r\u00e9flexes de la colonne vert\u00e9brale qui contient le syst\u00e8me nerveux central. Ce qui accroit le processus d&rsquo;auto-gu\u00e9rison \u00e9nerg\u00e9tique. Il n&rsquo;y a pas de contre-indication. Le massage m\u00e9tamorphique est conseill\u00e9 \u00e0 tous. Il n&rsquo;est pas n\u00e9cessaire d&rsquo;\u00f4ter ses v\u00eatements pour ce soin car les points sont situ\u00e9s sur les pieds, les mains et la t\u00eate.  <\/p>\n\n\n\n<p class=\"has-small-font-size\">Le soin dure plus ou moins une heure. Pour les b\u00e9b\u00e9s et enfants, le temps est adapt\u00e9. <\/p>\n\n\n\n<p><\/p>\n<\/div><\/div>\n\n\n\n<hr class=\"wp-block-separator has-alpha-channel-opacity\"\/>\n\n\n\n<div class=\"wp-block-media-text alignwide has-media-on-the-right is-stacked-on-mobile\" style=\"grid-template-columns:auto 35%\"><div class=\"wp-block-media-text__content\">\n<p class=\"has-pale-pink-color has-text-color\"><strong>MASSAGE SHIROTCHAMPI<\/strong><\/p>\n\n\n\n<p class=\"has-small-font-size\">Le massage Shirotchampi est une pratique indienne qui consiste \u00e0 masser la t\u00eate, le cou et les \u00e9paules (nuque, \u00e9paules, visage et cuir chevelu). Ce massage permet une lib\u00e9ration des tensions et du stress, une revitalisation, une am\u00e9lioration du sommeil, de la circulation sanguine, de la mobilit\u00e9 des articulations, de la concentration et de la vigilance tout en aidant \u00e0 la repousse du cheveu. Recommand\u00e9 pour les personnes souffrants de migraines.<\/p>\n\n\n\n<p class=\"has-small-font-size\"> Dur\u00e9e : 60 minutes.<\/p>\n\n\n\n<p class=\"has-small-font-size\"> <\/p>\n\n\n\n<p><\/p>\n<\/div><figure class=\"wp-block-media-text__media\"><img decoding=\"async\" loading=\"lazy\" width=\"1024\" height=\"686\" src=\"https:\/\/destempspoursoi.com\/wp-content\/uploads\/2023\/08\/11062b_580f3e53602447dca00e483f16c3669emv2-1024x686.webp\" alt=\"\" class=\"wp-image-219 size-full\" srcset=\"https:\/\/destempspoursoi.com\/wp-content\/uploads\/2023\/08\/11062b_580f3e53602447dca00e483f16c3669emv2-1024x686.webp 1024w, https:\/\/destempspoursoi.com\/wp-content\/uploads\/2023\/08\/11062b_580f3e53602447dca00e483f16c3669emv2-300x201.webp 300w, https:\/\/destempspoursoi.com\/wp-content\/uploads\/2023\/08\/11062b_580f3e53602447dca00e483f16c3669emv2-768x515.webp 768w, https:\/\/destempspoursoi.com\/wp-content\/uploads\/2023\/08\/11062b_580f3e53602447dca00e483f16c3669emv2-90x60.webp 90w, https:\/\/destempspoursoi.com\/wp-content\/uploads\/2023\/08\/11062b_580f3e53602447dca00e483f16c3669emv2-370x247.webp 370w, https:\/\/destempspoursoi.com\/wp-content\/uploads\/2023\/08\/11062b_580f3e53602447dca00e483f16c3669emv2.webp 1209w\" sizes=\"(max-width: 1024px) 100vw, 1024px\" \/><\/figure><\/div>\n\n\n\n<hr class=\"wp-block-separator has-alpha-channel-opacity\"\/>\n\n\n\n<div class=\"wp-block-media-text alignwide is-stacked-on-mobile\" style=\"grid-template-columns:40% auto\"><figure class=\"wp-block-media-text__media\"><img decoding=\"async\" loading=\"lazy\" width=\"1024\" height=\"443\" src=\"https:\/\/destempspoursoi.com\/wp-content\/uploads\/2023\/08\/Screenshot_20200825_192140-1024x443-1.jpg\" alt=\"\" class=\"wp-image-204 size-full\" srcset=\"https:\/\/destempspoursoi.com\/wp-content\/uploads\/2023\/08\/Screenshot_20200825_192140-1024x443-1.jpg 1024w, https:\/\/destempspoursoi.com\/wp-content\/uploads\/2023\/08\/Screenshot_20200825_192140-1024x443-1-300x130.jpg 300w, https:\/\/destempspoursoi.com\/wp-content\/uploads\/2023\/08\/Screenshot_20200825_192140-1024x443-1-768x332.jpg 768w, https:\/\/destempspoursoi.com\/wp-content\/uploads\/2023\/08\/Screenshot_20200825_192140-1024x443-1-139x60.jpg 139w\" sizes=\"(max-width: 1024px) 100vw, 1024px\" \/><\/figure><div class=\"wp-block-media-text__content\">\n<p class=\"has-pale-pink-color has-text-color\"><strong>MASSAGE AYURVEDIQUE<\/strong> <\/p>\n\n\n\n<p class=\"has-small-font-size\">Le massage Ayurv\u00e9dique Abhyanga est un massage profond\u00e9ment relaxant avec utilisation d&rsquo;une huile chaude aux plantes curatives  permettant de retrouver un bien-\u00eatre physique et \u00e9motionnel.  Il provient de la m\u00e9decine Ayurv\u00e9dique. C&rsquo;est un massage complet du corps. Les canaux d&rsquo;\u00e9nergie (nadis) et les points de marma \u00e9nerg\u00e9tiques sont stimul\u00e9s, ce qui entra\u00eene la capacit\u00e9 d&rsquo;auto-gu\u00e9rison du corps et de l&rsquo;esprit.  <\/p>\n\n\n\n<p class=\"has-small-font-size\">Ce massage dure plus ou moins 1h30.<\/p>\n<\/div><\/div>\n\n\n\n<hr class=\"wp-block-separator has-alpha-channel-opacity\"\/>\n\n\n\n<div class=\"wp-block-media-text alignwide has-media-on-the-right is-stacked-on-mobile\" style=\"grid-template-columns:auto 31%\"><div class=\"wp-block-media-text__content\">\n<p class=\"has-pale-pink-color has-text-color\"><strong>MASSAGE RELAXATION DETENTE ISLA VERDE SPA<\/strong><\/p>\n\n\n\n<div class=\"wp-block-group is-layout-constrained\"><div class=\"wp-block-group__inner-container\">\n<p class=\"has-small-font-size\">Ce massage d&rsquo;une heure vous plongera dans un oc\u00e9an de d\u00e9tente, de douceur et d&rsquo;apaisement. Tout le corps est mass\u00e9 : une d\u00e9contraction totale et globale.<\/p>\n<\/div><\/div>\n<\/div><figure class=\"wp-block-media-text__media\"><img decoding=\"async\" loading=\"lazy\" width=\"1024\" height=\"683\" src=\"https:\/\/destempspoursoi.com\/wp-content\/uploads\/2023\/12\/image-massage-1024x683.jpg\" alt=\"\" class=\"wp-image-357 size-full\" srcset=\"https:\/\/destempspoursoi.com\/wp-content\/uploads\/2023\/12\/image-massage-1024x683.jpg 1024w, https:\/\/destempspoursoi.com\/wp-content\/uploads\/2023\/12\/image-massage-300x200.jpg 300w, https:\/\/destempspoursoi.com\/wp-content\/uploads\/2023\/12\/image-massage-768x512.jpg 768w, https:\/\/destempspoursoi.com\/wp-content\/uploads\/2023\/12\/image-massage-1536x1024.jpg 1536w, https:\/\/destempspoursoi.com\/wp-content\/uploads\/2023\/12\/image-massage-90x60.jpg 90w, https:\/\/destempspoursoi.com\/wp-content\/uploads\/2023\/12\/image-massage-370x247.jpg 370w, https:\/\/destempspoursoi.com\/wp-content\/uploads\/2023\/12\/image-massage-776x517.jpg 776w, https:\/\/destempspoursoi.com\/wp-content\/uploads\/2023\/12\/image-massage.jpg 2048w\" sizes=\"(max-width: 1024px) 100vw, 1024px\" \/><\/figure><\/div>\n\n\n\n<hr class=\"wp-block-separator has-alpha-channel-opacity\"\/>\n\n\n\n<div class=\"wp-block-media-text alignwide is-stacked-on-mobile\" style=\"grid-template-columns:20% auto\"><figure class=\"wp-block-media-text__media\"><img decoding=\"async\" loading=\"lazy\" width=\"819\" height=\"1024\" src=\"https:\/\/destempspoursoi.com\/wp-content\/uploads\/2023\/12\/279965930_135232122428225_1459700911363357107_n-819x1024.jpg\" alt=\"\" class=\"wp-image-358 size-full\" srcset=\"https:\/\/destempspoursoi.com\/wp-content\/uploads\/2023\/12\/279965930_135232122428225_1459700911363357107_n-819x1024.jpg 819w, https:\/\/destempspoursoi.com\/wp-content\/uploads\/2023\/12\/279965930_135232122428225_1459700911363357107_n-240x300.jpg 240w, https:\/\/destempspoursoi.com\/wp-content\/uploads\/2023\/12\/279965930_135232122428225_1459700911363357107_n-768x960.jpg 768w, https:\/\/destempspoursoi.com\/wp-content\/uploads\/2023\/12\/279965930_135232122428225_1459700911363357107_n-1229x1536.jpg 1229w, https:\/\/destempspoursoi.com\/wp-content\/uploads\/2023\/12\/279965930_135232122428225_1459700911363357107_n-48x60.jpg 48w, https:\/\/destempspoursoi.com\/wp-content\/uploads\/2023\/12\/279965930_135232122428225_1459700911363357107_n.jpg 1440w\" sizes=\"(max-width: 819px) 100vw, 819px\" \/><\/figure><div class=\"wp-block-media-text__content\">\n<p class=\"has-pale-pink-color has-text-color\"><strong>MASSAGE BEBE\/ENFANT<\/strong><\/p>\n\n\n\n<p class=\"has-small-font-size\">Massage relaxant du corps et d\u00e9tente pour votre bout de choux.<br>Effectu\u00e9 \u00e0 l&rsquo;huile d&rsquo;amande douce.<br>Elimine les tensions, apaise l&rsquo;esprit, nourrit la peau tout en douceur.<\/p>\n<\/div><\/div>\n\n\n\n<hr class=\"wp-block-separator has-alpha-channel-opacity\"\/>\n\n\n\n<div class=\"wp-block-media-text alignwide has-media-on-the-right is-stacked-on-mobile\" style=\"grid-template-columns:auto 36%\"><div class=\"wp-block-media-text__content\">\n<p class=\"has-pale-pink-color has-text-color\"><strong>QI GONG<\/strong><\/p>\n\n\n\n<p class=\"has-small-font-size\">Gymnastique douce issue de la M\u00e9decine traditionnelle chinoise. Le Qi Gong s&rsquo;effectue par des mouvements lents qui vont faire circuler l&rsquo;\u00e9nergie. \u00ab\u00a0Qi\u00a0\u00bb signifie \u00ab\u00a0\u00e9nergie\u00a0\u00bb et \u00ab\u00a0Gong\u00a0\u00bb veut dire \u00ab\u00a0le travail\u00a0\u00bb. Le Qi Gong est le travail de l&rsquo;\u00e9nergie via le corps qui permet de retrouver l&rsquo;\u00e9quilibre spirituel, psychique et physique. Cette pratique favorise la d\u00e9tente, soulage le stress et am\u00e9liore les capacit\u00e9s respiratoires, am\u00e9liore la qualit\u00e9 de vie, r\u00e9duit l&rsquo;hypertension, etc.  La pratique du Qi Gong ne n\u00e9cessite pas d&rsquo;imp\u00e9ratif de condition physique. Il est accessible aux d\u00e9butants de tous \u00e2ges, s\u00e9niors, personnes handicap\u00e9es, enfants et adultes. <\/p>\n<\/div><figure class=\"wp-block-media-text__media\"><img decoding=\"async\" loading=\"lazy\" width=\"1024\" height=\"576\" src=\"https:\/\/destempspoursoi.com\/wp-content\/uploads\/2023\/08\/Qi-1024x576.png\" alt=\"\" class=\"wp-image-202 size-full\" srcset=\"https:\/\/destempspoursoi.com\/wp-content\/uploads\/2023\/08\/Qi-1024x576.png 1024w, https:\/\/destempspoursoi.com\/wp-content\/uploads\/2023\/08\/Qi-300x169.png 300w, https:\/\/destempspoursoi.com\/wp-content\/uploads\/2023\/08\/Qi-768x432.png 768w, https:\/\/destempspoursoi.com\/wp-content\/uploads\/2023\/08\/Qi-1536x864.png 1536w, https:\/\/destempspoursoi.com\/wp-content\/uploads\/2023\/08\/Qi-107x60.png 107w, https:\/\/destempspoursoi.com\/wp-content\/uploads\/2023\/08\/Qi.png 1920w\" sizes=\"(max-width: 1024px) 100vw, 1024px\" \/><\/figure><\/div>\n","protected":false},"excerpt":{"rendered":"<p>HYPNOSE THERAPEUTIQUE Th\u00e9rapie br\u00e8ve &nbsp;L\u2019hypnose d\u00e9signe \u00e0 la fois une technique th\u00e9rapeutique et un \u00e9tat modifi\u00e9 de conscience.&nbsp;Le terme \u00ab hypnose \u00bb vient du mot grec \u00ab hupnoein \u00bb qui &hellip; <\/p>\n","protected":false},"author":1,"featured_media":0,"parent":0,"menu_order":0,"comment_status":"closed","ping_status":"closed","template":"","meta":{"om_disable_all_campaigns":false,"_monsterinsights_skip_tracking":false,"_monsterinsights_sitenote_active":false,"_monsterinsights_sitenote_note":"","_monsterinsights_sitenote_category":0},"aioseo_notices":[],"_links":{"self":[{"href":"https:\/\/destempspoursoi.com\/index.php\/wp-json\/wp\/v2\/pages\/50"}],"collection":[{"href":"https:\/\/destempspoursoi.com\/index.php\/wp-json\/wp\/v2\/pages"}],"about":[{"href":"https:\/\/destempspoursoi.com\/index.php\/wp-json\/wp\/v2\/types\/page"}],"author":[{"embeddable":true,"href":"https:\/\/destempspoursoi.com\/index.php\/wp-json\/wp\/v2\/users\/1"}],"replies":[{"embeddable":true,"href":"https:\/\/destempspoursoi.com\/index.php\/wp-json\/wp\/v2\/comments?post=50"}],"version-history":[{"count":68,"href":"https:\/\/destempspoursoi.com\/index.php\/wp-json\/wp\/v2\/pages\/50\/revisions"}],"predecessor-version":[{"id":366,"href":"https:\/\/destempspoursoi.com\/index.php\/wp-json\/wp\/v2\/pages\/50\/revisions\/366"}],"wp:attachment":[{"href":"https:\/\/destempspoursoi.com\/index.php\/wp-json\/wp\/v2\/media?parent=50"}],"curies":[{"name":"wp","href":"https:\/\/api.w.org\/{rel}","templated":true}]}}